{"id":3256,"date":"2025-01-20T09:59:38","date_gmt":"2025-01-20T09:59:38","guid":{"rendered":"https:\/\/www.hike-greekproperties.com\/contact-hike-greek-properties\/"},"modified":"2025-01-20T10:19:53","modified_gmt":"2025-01-20T10:19:53","slug":"contact-hike-greek-properties","status":"publish","type":"page","link":"https:\/\/www.hike-greekproperties.com\/de\/contact-hike-greek-properties\/","title":{"rendered":"Kontakt Hike, Greek Properties"},"content":{"rendered":"<p><span style=\"font-size: 20px; color: #000000;\"><strong>Besitzen Sie ein griechisches Apartment oder eine Villa und m\u00f6chten Ihre Immobilie kostenlos inserieren?<\/strong><\/span><br \/>\n<span style=\"font-size: 20px; color: #000000;\">Mit HIKE ist das ganz einfach! Inserieren Sie Ihr Haus zum Verkauf oder Ihre Wohnung zur Vermietung noch heute auf unserer Plattform.<\/span><\/p>\n<p><span style=\"font-size: 20px; color: #000000;\"><strong>Sind Sie ein Immobilienmakler oder eine Agentur und m\u00f6chten Ihre Objekte pr\u00e4sentieren?<\/strong><\/span><br \/>\n<span style=\"font-size: 20px; color: #000000;\">Kontaktieren Sie uns, um weitere Informationen zu unseren Inseratspaketen zu erhalten. Wir bieten Ihnen \u00e4u\u00dferst wettbewerbsf\u00e4hige Preise, die Ihren Anforderungen gerecht werden.<\/span><\/p>\n<p><span style=\"font-size: 20px; color: #000000;\"><strong>Sind Sie ein SEO-Experte und m\u00f6chten einen Gastbeitrag verfassen?<\/strong><\/span><br \/>\n<span style=\"font-size: 20px; color: #000000;\">Wir akzeptieren Gastbeitr\u00e4ge und Linkplatzierungen zu sehr g\u00fcnstigen Konditionen. Unsere Website hat eine Domain Authority (DA) von 40+ und w\u00e4chst stetig weiter. Kontaktieren Sie uns noch heute, um mit uns zusammenzuarbeiten!<\/span><\/p>\n","protected":false},"excerpt":{"rendered":"<p>Besitzen Sie ein griechisches Apartment oder eine Villa und m\u00f6chten Ihre Immobilie kostenlos inserieren? Mit HIKE ist das ganz einfach! Inserieren Sie Ihr Haus zum Verkauf oder Ihre Wohnung zur Vermietung noch heute auf unserer Plattform. Sind Sie ein Immobilienmakler oder eine Agentur und m\u00f6chten Ihre Objekte pr\u00e4sentieren? Kontaktieren Sie uns, um weitere Informationen zu&#8230;<\/p>\n","protected":false},"author":1,"featured_media":0,"parent":0,"menu_order":0,"comment_status":"closed","ping_status":"closed","template":"templates\/contact.php","meta":{"iawp_total_views":18,"footnotes":""},"class_list":["post-3256","page","type-page","status-publish","hentry"],"yoast_head":"<!-- This site is optimized with the Yoast SEO plugin v27.4 - https:\/\/yoast.com\/product\/yoast-seo-wordpress\/ -->\n<title>Kontakt Hike, Greek Properties<\/title>\n<meta name=\"description\" content=\"Kontaktieren Sie Hike, Greek Properties. Listen Sie Ihre Immobilie kostenlos auf HIke zum Verkauf oder zur Vermietung auf.\" \/>\n<meta name=\"robots\" content=\"index, follow, max-snippet:-1, max-image-preview:large, max-video-preview:-1\" \/>\n<link rel=\"canonical\" href=\"https:\/\/www.hike-greekproperties.com\/de\/contact-hike-greek-properties\/\" \/>\n<meta property=\"og:locale\" content=\"de_DE\" \/>\n<meta property=\"og:type\" content=\"article\" \/>\n<meta property=\"og:title\" content=\"Kontakt Hike, Greek Properties\" \/>\n<meta property=\"og:description\" content=\"Kontaktieren Sie Hike, Greek Properties. Listen Sie Ihre Immobilie kostenlos auf HIke zum Verkauf oder zur Vermietung auf.\" \/>\n<meta property=\"og:url\" content=\"https:\/\/www.hike-greekproperties.com\/de\/contact-hike-greek-properties\/\" \/>\n<meta property=\"og:site_name\" content=\"PROPERTY FOR SALE IN GREECE, REAL ESTATE GREECE\" \/>\n<meta property=\"article:modified_time\" content=\"2025-01-20T10:19:53+00:00\" \/>\n<meta property=\"og:image\" content=\"https:\/\/www.hike-greekproperties.com\/wp-content\/uploads\/2020\/05\/Real-Estate-Greece--e1735389605542.webp\" \/>\n\t<meta property=\"og:image:width\" content=\"360\" \/>\n\t<meta property=\"og:image:height\" content=\"153\" \/>\n\t<meta property=\"og:image:type\" content=\"image\/webp\" \/>\n<meta name=\"twitter:card\" content=\"summary_large_image\" \/>\n<meta name=\"twitter:label1\" content=\"Gesch\u00e4tzte Lesezeit\" \/>\n\t<meta name=\"twitter:data1\" content=\"1\u00a0Minute\" \/>\n<script type=\"application\/ld+json\" class=\"yoast-schema-graph\">{\"@context\":\"https:\\\/\\\/schema.org\",\"@graph\":[{\"@type\":\"WebPage\",\"@id\":\"https:\\\/\\\/www.hike-greekproperties.com\\\/de\\\/contact-hike-greek-properties\\\/\",\"url\":\"https:\\\/\\\/www.hike-greekproperties.com\\\/de\\\/contact-hike-greek-properties\\\/\",\"name\":\"Kontakt Hike, Greek Properties\",\"isPartOf\":{\"@id\":\"https:\\\/\\\/www.hike-greekproperties.com\\\/de\\\/?lang=ru\\\/#website\"},\"datePublished\":\"2025-01-20T09:59:38+00:00\",\"dateModified\":\"2025-01-20T10:19:53+00:00\",\"description\":\"Kontaktieren Sie Hike, Greek Properties. Listen Sie Ihre Immobilie kostenlos auf HIke zum Verkauf oder zur Vermietung auf.\",\"breadcrumb\":{\"@id\":\"https:\\\/\\\/www.hike-greekproperties.com\\\/de\\\/contact-hike-greek-properties\\\/#breadcrumb\"},\"inLanguage\":\"de\",\"potentialAction\":[{\"@type\":\"ReadAction\",\"target\":[\"https:\\\/\\\/www.hike-greekproperties.com\\\/de\\\/contact-hike-greek-properties\\\/\"]}]},{\"@type\":\"BreadcrumbList\",\"@id\":\"https:\\\/\\\/www.hike-greekproperties.com\\\/de\\\/contact-hike-greek-properties\\\/#breadcrumb\",\"itemListElement\":[{\"@type\":\"ListItem\",\"position\":1,\"name\":\"Home\",\"item\":\"https:\\\/\\\/www.hike-greekproperties.com\\\/de\\\/\"},{\"@type\":\"ListItem\",\"position\":2,\"name\":\"Kontakt Hike, Greek Properties\"}]},{\"@type\":\"WebSite\",\"@id\":\"https:\\\/\\\/www.hike-greekproperties.com\\\/de\\\/?lang=ru\\\/#website\",\"url\":\"https:\\\/\\\/www.hike-greekproperties.com\\\/de\\\/?lang=ru\\\/\",\"name\":\"Hike - Real Estate Greece\",\"description\":\"Real Estate Portal\",\"publisher\":{\"@id\":\"https:\\\/\\\/www.hike-greekproperties.com\\\/de\\\/?lang=ru\\\/#organization\"},\"alternateName\":\"Real Estate Greece\",\"potentialAction\":[{\"@type\":\"SearchAction\",\"target\":{\"@type\":\"EntryPoint\",\"urlTemplate\":\"https:\\\/\\\/www.hike-greekproperties.com\\\/de\\\/?lang=ru\\\/?s={search_term_string}\"},\"query-input\":{\"@type\":\"PropertyValueSpecification\",\"valueRequired\":true,\"valueName\":\"search_term_string\"}}],\"inLanguage\":\"de\"},{\"@type\":\"Organization\",\"@id\":\"https:\\\/\\\/www.hike-greekproperties.com\\\/de\\\/?lang=ru\\\/#organization\",\"name\":\"Hike - Real Estate Greece\",\"alternateName\":\"Real Estate Greece\",\"url\":\"https:\\\/\\\/www.hike-greekproperties.com\\\/de\\\/?lang=ru\\\/\",\"logo\":{\"@type\":\"ImageObject\",\"inLanguage\":\"de\",\"@id\":\"https:\\\/\\\/www.hike-greekproperties.com\\\/de\\\/?lang=ru\\\/#\\\/schema\\\/logo\\\/image\\\/\",\"url\":\"https:\\\/\\\/www.hike-greekproperties.com\\\/wp-content\\\/uploads\\\/2020\\\/05\\\/Real-Estate-Greece--e1735389605542.webp\",\"contentUrl\":\"https:\\\/\\\/www.hike-greekproperties.com\\\/wp-content\\\/uploads\\\/2020\\\/05\\\/Real-Estate-Greece--e1735389605542.webp\",\"width\":360,\"height\":153,\"caption\":\"Hike - Real Estate Greece\"},\"image\":{\"@id\":\"https:\\\/\\\/www.hike-greekproperties.com\\\/de\\\/?lang=ru\\\/#\\\/schema\\\/logo\\\/image\\\/\"}}]}<\/script>\n<!-- \/ Yoast SEO plugin. -->","yoast_head_json":{"title":"Kontakt Hike, Greek Properties","description":"Kontaktieren Sie Hike, Greek Properties. Listen Sie Ihre Immobilie kostenlos auf HIke zum Verkauf oder zur Vermietung auf.","robots":{"index":"index","follow":"follow","max-snippet":"max-snippet:-1","max-image-preview":"max-image-preview:large","max-video-preview":"max-video-preview:-1"},"canonical":"https:\/\/www.hike-greekproperties.com\/de\/contact-hike-greek-properties\/","og_locale":"de_DE","og_type":"article","og_title":"Kontakt Hike, Greek Properties","og_description":"Kontaktieren Sie Hike, Greek Properties. Listen Sie Ihre Immobilie kostenlos auf HIke zum Verkauf oder zur Vermietung auf.","og_url":"https:\/\/www.hike-greekproperties.com\/de\/contact-hike-greek-properties\/","og_site_name":"PROPERTY FOR SALE IN GREECE, REAL ESTATE GREECE","article_modified_time":"2025-01-20T10:19:53+00:00","og_image":[{"width":360,"height":153,"url":"https:\/\/www.hike-greekproperties.com\/wp-content\/uploads\/2020\/05\/Real-Estate-Greece--e1735389605542.webp","type":"image\/webp"}],"twitter_card":"summary_large_image","twitter_misc":{"Gesch\u00e4tzte Lesezeit":"1\u00a0Minute"},"schema":{"@context":"https:\/\/schema.org","@graph":[{"@type":"WebPage","@id":"https:\/\/www.hike-greekproperties.com\/de\/contact-hike-greek-properties\/","url":"https:\/\/www.hike-greekproperties.com\/de\/contact-hike-greek-properties\/","name":"Kontakt Hike, Greek Properties","isPartOf":{"@id":"https:\/\/www.hike-greekproperties.com\/de\/?lang=ru\/#website"},"datePublished":"2025-01-20T09:59:38+00:00","dateModified":"2025-01-20T10:19:53+00:00","description":"Kontaktieren Sie Hike, Greek Properties. Listen Sie Ihre Immobilie kostenlos auf HIke zum Verkauf oder zur Vermietung auf.","breadcrumb":{"@id":"https:\/\/www.hike-greekproperties.com\/de\/contact-hike-greek-properties\/#breadcrumb"},"inLanguage":"de","potentialAction":[{"@type":"ReadAction","target":["https:\/\/www.hike-greekproperties.com\/de\/contact-hike-greek-properties\/"]}]},{"@type":"BreadcrumbList","@id":"https:\/\/www.hike-greekproperties.com\/de\/contact-hike-greek-properties\/#breadcrumb","itemListElement":[{"@type":"ListItem","position":1,"name":"Home","item":"https:\/\/www.hike-greekproperties.com\/de\/"},{"@type":"ListItem","position":2,"name":"Kontakt Hike, Greek Properties"}]},{"@type":"WebSite","@id":"https:\/\/www.hike-greekproperties.com\/de\/?lang=ru\/#website","url":"https:\/\/www.hike-greekproperties.com\/de\/?lang=ru\/","name":"Hike - Real Estate Greece","description":"Real Estate Portal","publisher":{"@id":"https:\/\/www.hike-greekproperties.com\/de\/?lang=ru\/#organization"},"alternateName":"Real Estate Greece","potentialAction":[{"@type":"SearchAction","target":{"@type":"EntryPoint","urlTemplate":"https:\/\/www.hike-greekproperties.com\/de\/?lang=ru\/?s={search_term_string}"},"query-input":{"@type":"PropertyValueSpecification","valueRequired":true,"valueName":"search_term_string"}}],"inLanguage":"de"},{"@type":"Organization","@id":"https:\/\/www.hike-greekproperties.com\/de\/?lang=ru\/#organization","name":"Hike - Real Estate Greece","alternateName":"Real Estate Greece","url":"https:\/\/www.hike-greekproperties.com\/de\/?lang=ru\/","logo":{"@type":"ImageObject","inLanguage":"de","@id":"https:\/\/www.hike-greekproperties.com\/de\/?lang=ru\/#\/schema\/logo\/image\/","url":"https:\/\/www.hike-greekproperties.com\/wp-content\/uploads\/2020\/05\/Real-Estate-Greece--e1735389605542.webp","contentUrl":"https:\/\/www.hike-greekproperties.com\/wp-content\/uploads\/2020\/05\/Real-Estate-Greece--e1735389605542.webp","width":360,"height":153,"caption":"Hike - Real Estate Greece"},"image":{"@id":"https:\/\/www.hike-greekproperties.com\/de\/?lang=ru\/#\/schema\/logo\/image\/"}}]}},"_links":{"self":[{"href":"https:\/\/www.hike-greekproperties.com\/de\/wp-json\/wp\/v2\/pages\/3256","targetHints":{"allow":["GET"]}}],"collection":[{"href":"https:\/\/www.hike-greekproperties.com\/de\/wp-json\/wp\/v2\/pages"}],"about":[{"href":"https:\/\/www.hike-greekproperties.com\/de\/wp-json\/wp\/v2\/types\/page"}],"author":[{"embeddable":true,"href":"https:\/\/www.hike-greekproperties.com\/de\/wp-json\/wp\/v2\/users\/1"}],"replies":[{"embeddable":true,"href":"https:\/\/www.hike-greekproperties.com\/de\/wp-json\/wp\/v2\/comments?post=3256"}],"version-history":[{"count":2,"href":"https:\/\/www.hike-greekproperties.com\/de\/wp-json\/wp\/v2\/pages\/3256\/revisions"}],"predecessor-version":[{"id":3258,"href":"https:\/\/www.hike-greekproperties.com\/de\/wp-json\/wp\/v2\/pages\/3256\/revisions\/3258"}],"wp:attachment":[{"href":"https:\/\/www.hike-greekproperties.com\/de\/wp-json\/wp\/v2\/media?parent=3256"}],"curies":[{"name":"wp","href":"https:\/\/api.w.org\/{rel}","templated":true}]}}